{"id":138,"date":"2013-10-15T09:34:29","date_gmt":"2013-10-15T09:34:29","guid":{"rendered":"http:\/\/sudigoz.hr\/wp\/?page_id=138"},"modified":"2019-07-09T17:35:23","modified_gmt":"2019-07-09T15:35:23","slug":"dizajner-odjece","status":"publish","type":"page","link":"https:\/\/stariweb.sudigo.org\/wp\/o-skoli\/programi\/likovna-umjetnost-i-dizajn\/dizajner-odjece\/","title":{"rendered":"Dizajner odje\u0107e"},"content":{"rendered":"<h4>Sektor: umjetnost \/ trajanje obrazovanja: 4 godine<\/h4>\n<p>Odjel dizajna odje\u0107e u\u010denike osposobljava za kreativno i umjetni\u010dko izra\u017eavanje u odjevnoj struci. U\u010denici na stru\u010dnim predmetima imaju priliku nau\u010diti cijeli kreativni, ali i izvedbeni postupak koji se kre\u0107e od idejnih skica, modnog crte\u017ea do konstrukcije i izrade odjevnog predmeta.<\/p>\n<p>Dizajner odje\u0107e se osposobljava za rad u ra\u010dunalnim programima (Photoshop, Corel draw, Freehand i sl.). Osim stru\u010dnog dijela u\u010denici stje\u010du i kvalitetno umjetni\u010dko obrazovanje i izra\u017eavanje na predmetima povijesti likovne umjetnosti, teorije oblikovanja, crtanja i slikanja.<\/p>\n<p>Tijekom \u0161kolovanja imaju priliku dokazati se kao kvalitetni mladi dizajneri radom na tematskim kolekcijama za dr\u017eavno natjecanje koje se odr\u017eava svake godine u travnju. Modnim revijama predstavljaju se i na raznim kulturnim doga\u0111anjima u \u017eupaniji i izvan nje.<\/p>\n<h4>Nakon \u0161kolovanja<\/h4>\n<p>U\u010denici zavr\u0161nih razreda ovog odjela uspje\u0161no upisuju fakultete u struci i izvan nje (Tekstilno tehnolo\u0161ki fakultet, Akademija likovnih umjetnosti, Filozofski fakultet, Pedago\u0161ki fakultet, Studij dizajna, itd.), ali stje\u010du i kvalitetno obrazovanje i vje\u0161tine koje im omogu\u0107avaju nastavak samostalnog kreativnog rada.<\/p>\n<h4>Nastavni plan i program<\/h4>\n<table style=\"width: 500px;\" border=\"0\" cellspacing=\"0\" cellpadding=\"0\">\n<tbody>\n<tr>\n<td rowspan=\"2\" width=\"200\">NASTAVNI PREDMET<\/td>\n<td colspan=\"3\">Tjedni broj sati<\/td>\n<\/tr>\n<tr>\n<td width=\"93\">2. godina<\/td>\n<td width=\"93\">3. godina<\/td>\n<td width=\"93\">4. godina<\/td>\n<\/tr>\n<tr>\n<td>Hrvatski jezik<\/td>\n<td>4<\/td>\n<td>3<\/td>\n<td>3<\/td>\n<\/tr>\n<tr>\n<td>Strani jezik<\/td>\n<td>3<\/td>\n<td>3<\/td>\n<td>3<\/td>\n<\/tr>\n<tr>\n<td>Glazbena umjetnost<\/td>\n<td>1<\/td>\n<td>&#8211;<\/td>\n<td>&#8211;<\/td>\n<\/tr>\n<tr>\n<td>Povijest<\/td>\n<td>2<\/td>\n<td>2<\/td>\n<td>2<\/td>\n<\/tr>\n<tr>\n<td>Etika\/Vjeronauk<\/td>\n<td>1<\/td>\n<td>1<\/td>\n<td>1<\/td>\n<\/tr>\n<tr>\n<td>Geografija<\/td>\n<td>2<\/td>\n<td>&#8211;<\/td>\n<td>&#8211;<\/td>\n<\/tr>\n<tr>\n<td>Tjelesna i zdravstvena kultura<\/td>\n<td>2<\/td>\n<td>2<\/td>\n<td>2<\/td>\n<\/tr>\n<tr>\n<td>Matematika<\/td>\n<td>2<\/td>\n<td>2 (f.)<\/td>\n<td>2 (f.)<\/td>\n<\/tr>\n<tr>\n<td>Povijest likovne umjetnosti<\/td>\n<td>2<\/td>\n<td>2<\/td>\n<td>2<\/td>\n<\/tr>\n<tr>\n<td>Teorija oblikovanja<\/td>\n<td>2<\/td>\n<td>2<\/td>\n<td>&#8211;<\/td>\n<\/tr>\n<tr>\n<td>Crtanje i slikanje<\/td>\n<td>4<\/td>\n<td>4<\/td>\n<td>4<\/td>\n<\/tr>\n<tr>\n<td>Tekstilni materijali<\/td>\n<td>1<\/td>\n<td>2<\/td>\n<td>&#8211;<\/td>\n<\/tr>\n<tr>\n<td>Konstrukcija odje\u0107e<\/td>\n<td>&#8211;<\/td>\n<td>2<\/td>\n<td>2<\/td>\n<\/tr>\n<tr>\n<td>Kreiranje odje\u0107e i dodataka<\/td>\n<td>4<\/td>\n<td>4<\/td>\n<td>8<\/td>\n<\/tr>\n<tr>\n<td>Izrada odje\u0107e i dodataka<\/td>\n<td>4<\/td>\n<td>4<\/td>\n<td>4<\/td>\n<\/tr>\n<tr>\n<td>Povijest odijevanja<\/td>\n<td>&#8211;<\/td>\n<td>&#8211;<\/td>\n<td>2<\/td>\n<\/tr>\n<tr>\n<td>Ra\u010dunalstvo<\/td>\n<td>2<\/td>\n<td>2<\/td>\n<td>2<\/td>\n<\/tr>\n<tr>\n<td>Oblikovanje teks. plo\u0161nih proizvoda<\/td>\n<td>&#8211;<\/td>\n<td>4<\/td>\n<td>&#8211;<\/td>\n<\/tr>\n<\/tbody>\n<\/table>\n<p>&nbsp;<\/p>\n","protected":false},"excerpt":{"rendered":"<p>Sektor: umjetnost \/ trajanje obrazovanja: 4 godine Odjel dizajna odje\u0107e u\u010denike osposobljava za kreativno i umjetni\u010dko izra\u017eavanje u odjevnoj struci. U\u010denici na stru\u010dnim predmetima imaju priliku nau\u010diti cijeli kreativni, ali i izvedbeni postupak koji se kre\u0107e od idejnih skica, modnog crte\u017ea do konstrukcije i izrade odjevnog predmeta. Dizajner odje\u0107e se osposobljava za rad u ra\u010dunalnim [&hellip;]<\/p>\n","protected":false},"author":1,"featured_media":0,"parent":123,"menu_order":3,"comment_status":"closed","ping_status":"open","template":"","meta":{"spay_email":""},"yoast_head":"<!-- This site is optimized with the Yoast SEO plugin v16.6.1 - https:\/\/yoast.com\/wordpress\/plugins\/seo\/ -->\n<title>Dizajner odje\u0107e | \u0160kola za umjetnost, dizajn, grafiku i odje\u0107u Zabok<\/title>\n<meta name=\"description\" content=\"Dizajner odje\u0107e - \u0160kola za umjetnost, dizajn, grafiku i odje\u0107u Zabok\" \/>\n<meta name=\"robots\" content=\"index, follow, max-snippet:-1, max-image-preview:large, max-video-preview:-1\" \/>\n<link rel=\"canonical\" href=\"https:\/\/stariweb.sudigo.org\/wp\/o-skoli\/programi\/likovna-umjetnost-i-dizajn\/dizajner-odjece\/\" \/>\n<meta property=\"og:locale\" content=\"hr_HR\" \/>\n<meta property=\"og:type\" content=\"article\" \/>\n<meta property=\"og:title\" content=\"Dizajner odje\u0107e | \u0160kola za umjetnost, dizajn, grafiku i odje\u0107u Zabok\" \/>\n<meta property=\"og:description\" content=\"Dizajner odje\u0107e - \u0160kola za umjetnost, dizajn, grafiku i odje\u0107u Zabok\" \/>\n<meta property=\"og:url\" content=\"https:\/\/stariweb.sudigo.org\/wp\/o-skoli\/programi\/likovna-umjetnost-i-dizajn\/dizajner-odjece\/\" \/>\n<meta property=\"og:site_name\" content=\"\u0160kola za umjetnost, dizajn, grafiku i odje\u0107u Zabok\" \/>\n<meta property=\"article:modified_time\" content=\"2019-07-09T15:35:23+00:00\" \/>\n<meta name=\"twitter:label1\" content=\"Procijenjeno vrijeme \u010ditanja\" \/>\n\t<meta name=\"twitter:data1\" content=\"1 minuta\" \/>\n<script type=\"application\/ld+json\" class=\"yoast-schema-graph\">{\"@context\":\"https:\/\/schema.org\",\"@graph\":[{\"@type\":\"Organization\",\"@id\":\"https:\/\/stariweb.sudigo.org\/wp\/#organization\",\"name\":\"\\u0160kola za umjetnost, dizajn, grafiku i odje\\u0107u Zabok\",\"url\":\"https:\/\/stariweb.sudigo.org\/wp\/\",\"sameAs\":[],\"logo\":{\"@type\":\"ImageObject\",\"@id\":\"https:\/\/stariweb.sudigo.org\/wp\/#logo\",\"inLanguage\":\"hr\",\"url\":\"https:\/\/i1.wp.com\/sudigoz.hr\/wp\/wp-content\/uploads\/2020\/11\/2016_02_21_SUDIGO-GrafStnd-web-43.jpg?fit=1035%2C1325&ssl=1\",\"contentUrl\":\"https:\/\/i1.wp.com\/sudigoz.hr\/wp\/wp-content\/uploads\/2020\/11\/2016_02_21_SUDIGO-GrafStnd-web-43.jpg?fit=1035%2C1325&ssl=1\",\"width\":1035,\"height\":1325,\"caption\":\"\\u0160kola za umjetnost, dizajn, grafiku i odje\\u0107u Zabok\"},\"image\":{\"@id\":\"https:\/\/stariweb.sudigo.org\/wp\/#logo\"}},{\"@type\":\"WebSite\",\"@id\":\"https:\/\/stariweb.sudigo.org\/wp\/#website\",\"url\":\"https:\/\/stariweb.sudigo.org\/wp\/\",\"name\":\"\\u0160kola za umjetnost, dizajn, grafiku i odje\\u0107u Zabok\",\"description\":\"Gle - \\u0161kola za mene!\",\"publisher\":{\"@id\":\"https:\/\/stariweb.sudigo.org\/wp\/#organization\"},\"potentialAction\":[{\"@type\":\"SearchAction\",\"target\":{\"@type\":\"EntryPoint\",\"urlTemplate\":\"https:\/\/stariweb.sudigo.org\/wp\/?s={search_term_string}\"},\"query-input\":\"required name=search_term_string\"}],\"inLanguage\":\"hr\"},{\"@type\":\"WebPage\",\"@id\":\"https:\/\/stariweb.sudigo.org\/wp\/o-skoli\/programi\/likovna-umjetnost-i-dizajn\/dizajner-odjece\/#webpage\",\"url\":\"https:\/\/stariweb.sudigo.org\/wp\/o-skoli\/programi\/likovna-umjetnost-i-dizajn\/dizajner-odjece\/\",\"name\":\"Dizajner odje\\u0107e | \\u0160kola za umjetnost, dizajn, grafiku i odje\\u0107u Zabok\",\"isPartOf\":{\"@id\":\"https:\/\/stariweb.sudigo.org\/wp\/#website\"},\"datePublished\":\"2013-10-15T09:34:29+00:00\",\"dateModified\":\"2019-07-09T15:35:23+00:00\",\"description\":\"Dizajner odje\\u0107e - \\u0160kola za umjetnost, dizajn, grafiku i odje\\u0107u Zabok\",\"breadcrumb\":{\"@id\":\"https:\/\/stariweb.sudigo.org\/wp\/o-skoli\/programi\/likovna-umjetnost-i-dizajn\/dizajner-odjece\/#breadcrumb\"},\"inLanguage\":\"hr\",\"potentialAction\":[{\"@type\":\"ReadAction\",\"target\":[\"https:\/\/stariweb.sudigo.org\/wp\/o-skoli\/programi\/likovna-umjetnost-i-dizajn\/dizajner-odjece\/\"]}]},{\"@type\":\"BreadcrumbList\",\"@id\":\"https:\/\/stariweb.sudigo.org\/wp\/o-skoli\/programi\/likovna-umjetnost-i-dizajn\/dizajner-odjece\/#breadcrumb\",\"itemListElement\":[{\"@type\":\"ListItem\",\"position\":1,\"name\":\"O \\u0161koli\",\"item\":\"https:\/\/stariweb.sudigo.org\/wp\/o-skoli\/\"},{\"@type\":\"ListItem\",\"position\":2,\"name\":\"Programi\",\"item\":\"https:\/\/stariweb.sudigo.org\/wp\/o-skoli\/programi\/\"},{\"@type\":\"ListItem\",\"position\":3,\"name\":\"Likovna umjetnost i dizajn\",\"item\":\"https:\/\/stariweb.sudigo.org\/wp\/o-skoli\/programi\/likovna-umjetnost-i-dizajn\/\"},{\"@type\":\"ListItem\",\"position\":4,\"name\":\"Dizajner odje\\u0107e\"}]}]}<\/script>\n<!-- \/ Yoast SEO plugin. -->","jetpack-related-posts":[{"id":281,"url":"https:\/\/stariweb.sudigo.org\/wp\/o-skoli\/misija-i-vizija\/povijest-skole\/","url_meta":{"origin":138,"position":0},"title":"Povijest \u0161kole","date":"15\/10\/2013","format":false,"excerpt":"IME JE ZNAK (NOMEN EST OMEN) \u2013 ILI KAKO POVIJEST UVIJEK PO\u010cINJE IZNOVA SREDNJA TEHNI\u010cKA TEKSTILNA \u0160KOLA 1961.-1963. TEKSTILNI \u0160KOLSKI CENTAR 1964.-1976. \u0160KOLSKI CENTAR 1976.-1978. CENTAR ZA ODGOJ I USMJERENO OBRAZOVANJE ZABOK 1978.-1985. CENTAR ZA ODGOJ I OBRAZOVANJE \u201dSEDAM SEKRETARA SKOJ-a\u201d ZABOK 1985.-1992. TEKSTILNA \u0160KOLA ZABOK 1992.-2002. STRUKOVNO I UMJETNI\u010cKO\u2026","rel":"","context":"Srodne objave","img":{"alt_text":"","src":"","width":0,"height":0},"classes":[]},{"id":123,"url":"https:\/\/stariweb.sudigo.org\/wp\/o-skoli\/programi\/likovna-umjetnost-i-dizajn\/","url_meta":{"origin":138,"position":1},"title":"Likovna umjetnost i dizajn","date":"15\/10\/2013","format":false,"excerpt":"Likovna umjetnost i dizajn 1. godina grafi\u010dki dizajner 2.-4. godina industrijski dizajner 2.-4. godina dizajner odje\u0107e 2.-4. godina 1. godina zajedni\u010dki program - nakon zavr\u0161enog prvog razreda u\u010denici, ovisno o postignutom uspjehu, biraju jedno od sljede\u0107a tri zanimanja: grafi\u010dki dizajner, industrijski dizajner, dizajner odje\u0107e. Uvjeti upisa provjera sposobnosti likovnog izra\u017eavanja\u2026","rel":"","context":"Srodne objave","img":{"alt_text":"","src":"","width":0,"height":0},"classes":[]},{"id":99,"url":"https:\/\/stariweb.sudigo.org\/wp\/upisi\/","url_meta":{"origin":138,"position":2},"title":"Upisi","date":"15\/10\/2013","format":false,"excerpt":"Upisi u \u0161kolsku godinu 2022.\/2023. \u00a0 Po\u0161tovani roditelji i budu\u0107i na\u0161i u\u010denici! U sklopu provo\u0111enja upisnog postupka u prvi razred srednje \u0161kole za \u0161kolsku godinu 2022.\/2023. sve upisne aktivnosti\u00a0mo\u0107i \u0107e se odraditi osobno u \u0161koli ili ukoliko niste u mogu\u0107nosti do\u0107i osobno u \u0161kolu, potrebno je svu dokumentaciju poslati elektroni\u010dkim\u2026","rel":"","context":"Srodne objave","img":{"alt_text":"","src":"","width":0,"height":0},"classes":[]},{"id":905,"url":"https:\/\/stariweb.sudigo.org\/wp\/o-skoli\/kontakti-i-polozaj\/zaposlenici\/anuska-alfirevic\/","url_meta":{"origin":138,"position":3},"title":"Anu\u0161ka Alfirevi\u0107","date":"06\/11\/2013","format":false,"excerpt":"Zaposlenici -> Anu\u0161ka Alfirevi\u0107 Voditeljica stru\u010dnog vije\u0107a i specijaliziranih u\u010dionica likovne umjetnosti i dizajna 8. velja\u010de 2019. promovirana u zvanje profesor savjetnik. 2014. stekla zvanje profesor mentor te je\u00a0imenovana za voditeljicu \u017dSV nastavnika stru\u010dnih predmeta vizualnih umjetnosti i dizajna Krapinsko-zagorske, Me\u0111imurske i Vara\u017edinske \u017eupanije. Stru\u010dni ispit za profesora slikarstva polo\u017eila\u2026","rel":"","context":"Srodne objave","img":{"alt_text":"","src":"","width":0,"height":0},"classes":[]},{"id":265,"url":"https:\/\/stariweb.sudigo.org\/wp\/info-za-ucenike\/obrasci-protokoli-prijevoz\/popis-udzbenika\/","url_meta":{"origin":138,"position":4},"title":"Popis ud\u017ebenika","date":"15\/10\/2013","format":false,"excerpt":"\u0160kolska godina 2022.\/23. Popisi ud\u017ebenika \u0160UDIGO Zabok Umjetnost Likovna umjetnost i dizajn Likovna umjetnost i dizajn do izbora zanimanja - 1. razred srednje s\u030ckole Dizajner odje\u0107e Dizajner odjec\u0301e - 2. razred srednje s\u030ckole Dizajner odjec\u0301e - 3. razred srednje s\u030ckole Dizajner odjec\u0301e - 4. razred srednje s\u030ckole Grafi\u010dki dizajner Grafic\u030cki\u2026","rel":"","context":"Srodne objave","img":{"alt_text":"","src":"","width":0,"height":0},"classes":[]},{"id":132,"url":"https:\/\/stariweb.sudigo.org\/wp\/o-skoli\/programi\/likovna-umjetnost-i-dizajn\/graficki-dizajner\/","url_meta":{"origin":138,"position":5},"title":"Grafi\u010dki dizajner","date":"15\/10\/2013","format":false,"excerpt":"Sektor: umjetnost \/ trajanje obrazovanja: 4 godine Grafi\u010dki dizajn je djelatnost koja se bavi oblikovanjem vizualnih komunikacija koje prvenstveno povezujemo s dvodimenzionalnim prikazima na umjetni\u010dkim djelima, oglasima, fotografiji, plakatima. Od prvog oblika vizualnog komuniciranja - slike - koja se pretvara u znak i postaje pismo danas smo stigli do zidne\u2026","rel":"","context":"Srodne objave","img":{"alt_text":"","src":"","width":0,"height":0},"classes":[]}],"_links":{"self":[{"href":"https:\/\/stariweb.sudigo.org\/wp\/wp-json\/wp\/v2\/pages\/138"}],"collection":[{"href":"https:\/\/stariweb.sudigo.org\/wp\/wp-json\/wp\/v2\/pages"}],"about":[{"href":"https:\/\/stariweb.sudigo.org\/wp\/wp-json\/wp\/v2\/types\/page"}],"author":[{"embeddable":true,"href":"https:\/\/stariweb.sudigo.org\/wp\/wp-json\/wp\/v2\/users\/1"}],"replies":[{"embeddable":true,"href":"https:\/\/stariweb.sudigo.org\/wp\/wp-json\/wp\/v2\/comments?post=138"}],"version-history":[{"count":9,"href":"https:\/\/stariweb.sudigo.org\/wp\/wp-json\/wp\/v2\/pages\/138\/revisions"}],"predecessor-version":[{"id":8475,"href":"https:\/\/stariweb.sudigo.org\/wp\/wp-json\/wp\/v2\/pages\/138\/revisions\/8475"}],"up":[{"embeddable":true,"href":"https:\/\/stariweb.sudigo.org\/wp\/wp-json\/wp\/v2\/pages\/123"}],"wp:attachment":[{"href":"https:\/\/stariweb.sudigo.org\/wp\/wp-json\/wp\/v2\/media?parent=138"}],"curies":[{"name":"wp","href":"https:\/\/api.w.org\/{rel}","templated":true}]}}