{"id":5745,"date":"2016-10-20T20:54:43","date_gmt":"2016-10-20T18:54:43","guid":{"rendered":"http:\/\/www.ss-sudigo-zabok.skole.hr\/?page_id=5745"},"modified":"2022-05-20T13:21:19","modified_gmt":"2022-05-20T11:21:19","slug":"vremenik","status":"publish","type":"page","link":"https:\/\/stariweb.sudigo.org\/wp\/info-za-ucenike\/izradba-i-obrana-zavrsnog-rada\/vremenik\/","title":{"rendered":"Vremenik"},"content":{"rendered":"<ul>\n<li><a href=\"http:\/\/sudigoz.hr\/wp\/info-za-ucenike\/izradba-i-obrana-zavrsnog-rada\/\">Izradba i obrana zavr\u0161nog rada<\/a>\n<ul>\n<li><a href=\"http:\/\/sudigoz.hr\/wp\/info-za-ucenike\/izradba-i-obrana-zavrsnog-rada\/vremenik\/\">Vremenik<\/a><\/li>\n<li><a href=\"http:\/\/sudigoz.hr\/wp\/info-za-ucenike\/izradba-i-obrana-zavrsnog-rada\/upute-dokumenti-i-obrasci\/\">Upute, dokumenti, obrasci<\/a><\/li>\n<li>Teme<\/li>\n<li>Konzultacije<\/li>\n<\/ul>\n<\/li>\n<\/ul>\n<h4><\/h4>\n<h1>\u0160kolska godina 2021.\/22.<\/h1>\n<h2>Vremenik Izradbe i obrane zavr\u0161nog rada u \u0161k. god. 2021.\/22.<\/h2>\n<h5>Preuzmi:<\/h5>\n<ul>\n<li>Vremenik Izradbe i obrane zavr\u0161nog rada:\n<ul>\n<li><a href=\"https:\/\/stariweb.sudigo.org\/wp\/wp-content\/uploads\/2022\/05\/Novo_Vremenik_izrade_i_obrane_ZR_21_22.docx\">Vremenik izradbe i obrane zavr\u0161nog rada u ljetnom, jesenskom i zimskom roku<\/a><\/li>\n<li><a href=\"https:\/\/stariweb.sudigo.org\/wp\/wp-content\/uploads\/2021\/10\/Obavijest_odabir_teme_ZR_a2.docx\">Obavijest uz odabir teme zavr\u0161nog rada<\/a><\/li>\n<li>Skupni_termini_OZR_po zanimanjima_i_Povjerenstvima<\/li>\n<\/ul>\n<\/li>\n<li>Povjerenstva:\n<ul>\n<li>Povjerenstva LUID<\/li>\n<li>Povjerenstva Glazbena<\/li>\n<li>Povjerenstva GTAVO<\/li>\n<\/ul>\n<\/li>\n<\/ul>\n<p>&nbsp;<\/p>\n<p>&nbsp;<\/p>\n","protected":false},"excerpt":{"rendered":"<p>Izradba i obrana zavr\u0161nog rada Vremenik Upute, dokumenti, obrasci Teme Konzultacije \u0160kolska godina 2021.\/22. Vremenik Izradbe i obrane zavr\u0161nog rada u \u0161k. god. 2021.\/22. Preuzmi: Vremenik Izradbe i obrane zavr\u0161nog rada: Vremenik izradbe i obrane zavr\u0161nog rada u ljetnom, jesenskom i zimskom roku Obavijest uz odabir teme zavr\u0161nog rada Skupni_termini_OZR_po zanimanjima_i_Povjerenstvima Povjerenstva: Povjerenstva LUID Povjerenstva [&hellip;]<\/p>\n","protected":false},"author":1,"featured_media":0,"parent":102,"menu_order":1,"comment_status":"closed","ping_status":"closed","template":"","meta":{"spay_email":""},"yoast_head":"<!-- This site is optimized with the Yoast SEO plugin v16.6.1 - https:\/\/yoast.com\/wordpress\/plugins\/seo\/ -->\n<title>Vremenik | \u0160kola za umjetnost, dizajn, grafiku i odje\u0107u Zabok<\/title>\n<meta name=\"description\" content=\"Vremenik izrade i obrane zavr\u0161nog rada\" \/>\n<meta name=\"robots\" content=\"index, follow, max-snippet:-1, max-image-preview:large, max-video-preview:-1\" \/>\n<link rel=\"canonical\" href=\"https:\/\/stariweb.sudigo.org\/wp\/info-za-ucenike\/izradba-i-obrana-zavrsnog-rada\/vremenik\/\" \/>\n<meta property=\"og:locale\" content=\"hr_HR\" \/>\n<meta property=\"og:type\" content=\"article\" \/>\n<meta property=\"og:title\" content=\"Vremenik | \u0160kola za umjetnost, dizajn, grafiku i odje\u0107u Zabok\" \/>\n<meta property=\"og:description\" content=\"Vremenik izrade i obrane zavr\u0161nog rada\" \/>\n<meta property=\"og:url\" content=\"https:\/\/stariweb.sudigo.org\/wp\/info-za-ucenike\/izradba-i-obrana-zavrsnog-rada\/vremenik\/\" \/>\n<meta property=\"og:site_name\" content=\"\u0160kola za umjetnost, dizajn, grafiku i odje\u0107u Zabok\" \/>\n<meta property=\"article:modified_time\" content=\"2022-05-20T11:21:19+00:00\" \/>\n<meta name=\"twitter:label1\" content=\"Procijenjeno vrijeme \u010ditanja\" \/>\n\t<meta name=\"twitter:data1\" content=\"1 minuta\" \/>\n<script type=\"application\/ld+json\" class=\"yoast-schema-graph\">{\"@context\":\"https:\/\/schema.org\",\"@graph\":[{\"@type\":\"Organization\",\"@id\":\"https:\/\/stariweb.sudigo.org\/wp\/#organization\",\"name\":\"\\u0160kola za umjetnost, dizajn, grafiku i odje\\u0107u Zabok\",\"url\":\"https:\/\/stariweb.sudigo.org\/wp\/\",\"sameAs\":[],\"logo\":{\"@type\":\"ImageObject\",\"@id\":\"https:\/\/stariweb.sudigo.org\/wp\/#logo\",\"inLanguage\":\"hr\",\"url\":\"https:\/\/i1.wp.com\/sudigoz.hr\/wp\/wp-content\/uploads\/2020\/11\/2016_02_21_SUDIGO-GrafStnd-web-43.jpg?fit=1035%2C1325&ssl=1\",\"contentUrl\":\"https:\/\/i1.wp.com\/sudigoz.hr\/wp\/wp-content\/uploads\/2020\/11\/2016_02_21_SUDIGO-GrafStnd-web-43.jpg?fit=1035%2C1325&ssl=1\",\"width\":1035,\"height\":1325,\"caption\":\"\\u0160kola za umjetnost, dizajn, grafiku i odje\\u0107u Zabok\"},\"image\":{\"@id\":\"https:\/\/stariweb.sudigo.org\/wp\/#logo\"}},{\"@type\":\"WebSite\",\"@id\":\"https:\/\/stariweb.sudigo.org\/wp\/#website\",\"url\":\"https:\/\/stariweb.sudigo.org\/wp\/\",\"name\":\"\\u0160kola za umjetnost, dizajn, grafiku i odje\\u0107u Zabok\",\"description\":\"Gle - \\u0161kola za mene!\",\"publisher\":{\"@id\":\"https:\/\/stariweb.sudigo.org\/wp\/#organization\"},\"potentialAction\":[{\"@type\":\"SearchAction\",\"target\":{\"@type\":\"EntryPoint\",\"urlTemplate\":\"https:\/\/stariweb.sudigo.org\/wp\/?s={search_term_string}\"},\"query-input\":\"required name=search_term_string\"}],\"inLanguage\":\"hr\"},{\"@type\":\"WebPage\",\"@id\":\"https:\/\/stariweb.sudigo.org\/wp\/info-za-ucenike\/izradba-i-obrana-zavrsnog-rada\/vremenik\/#webpage\",\"url\":\"https:\/\/stariweb.sudigo.org\/wp\/info-za-ucenike\/izradba-i-obrana-zavrsnog-rada\/vremenik\/\",\"name\":\"Vremenik | \\u0160kola za umjetnost, dizajn, grafiku i odje\\u0107u Zabok\",\"isPartOf\":{\"@id\":\"https:\/\/stariweb.sudigo.org\/wp\/#website\"},\"datePublished\":\"2016-10-20T18:54:43+00:00\",\"dateModified\":\"2022-05-20T11:21:19+00:00\",\"description\":\"Vremenik izrade i obrane zavr\\u0161nog rada\",\"breadcrumb\":{\"@id\":\"https:\/\/stariweb.sudigo.org\/wp\/info-za-ucenike\/izradba-i-obrana-zavrsnog-rada\/vremenik\/#breadcrumb\"},\"inLanguage\":\"hr\",\"potentialAction\":[{\"@type\":\"ReadAction\",\"target\":[\"https:\/\/stariweb.sudigo.org\/wp\/info-za-ucenike\/izradba-i-obrana-zavrsnog-rada\/vremenik\/\"]}]},{\"@type\":\"BreadcrumbList\",\"@id\":\"https:\/\/stariweb.sudigo.org\/wp\/info-za-ucenike\/izradba-i-obrana-zavrsnog-rada\/vremenik\/#breadcrumb\",\"itemListElement\":[{\"@type\":\"ListItem\",\"position\":1,\"name\":\"Info za u\\u010denike\",\"item\":\"https:\/\/stariweb.sudigo.org\/wp\/info-za-ucenike\/\"},{\"@type\":\"ListItem\",\"position\":2,\"name\":\"Izradba i obrana zavr\\u0161nog rada\",\"item\":\"https:\/\/stariweb.sudigo.org\/wp\/info-za-ucenike\/izradba-i-obrana-zavrsnog-rada\/\"},{\"@type\":\"ListItem\",\"position\":3,\"name\":\"Vremenik\"}]}]}<\/script>\n<!-- \/ Yoast SEO plugin. -->","jetpack-related-posts":[{"id":498,"url":"https:\/\/stariweb.sudigo.org\/wp\/info-za-ucenike\/izradba-i-obrana-zavrsnog-rada\/teme\/","url_meta":{"origin":5745,"position":0},"title":"Teme","date":"24\/10\/2013","format":false,"excerpt":"Izradba i obrana zavr\u0161nog rada Vremenik Upute, dokumenti, obrasci Teme Konzultacije \u00a0 \u00a0 Teme zavr\u0161nog rada \u0161kolska godina 2020.\/2021. Pregled te izbor tema za sva zanimanja\/programe na Loomenu. Odabrane teme prema zanimanjima 4.d 4DG_teme za web 4DI_teme za web 4DO_teme za web 4.gu 4.GU_teme za web 4.mt 4MT_teme za web\u2026","rel":"","context":"Srodne objave","img":{"alt_text":"","src":"","width":0,"height":0},"classes":[]},{"id":102,"url":"https:\/\/stariweb.sudigo.org\/wp\/info-za-ucenike\/izradba-i-obrana-zavrsnog-rada\/","url_meta":{"origin":5745,"position":1},"title":"Izradba i obrana zavr\u0161nog rada","date":"15\/10\/2013","format":false,"excerpt":"Izradba i obrana zavr\u0161nog rada Vremenik Upute, dokumenti, obrasci Teme: Grafi\u010dki dizajner, Industrijski dizajner, Dizajner odje\u0107e, Web dizajner, Medijski tehni\u010dar, \u00a0Grafi\u010dki tehni\u010dar, Glazbena umjetnost, Konzultacije: Likovna umjetnost i dizajn, Medijski_tehni\u010dar, Grafi\u010dki_tehni\u010dar, Web_dizajner, Glazbena umjetnost \u00a0","rel":"","context":"Srodne objave","img":{"alt_text":"","src":"","width":0,"height":0},"classes":[]},{"id":496,"url":"https:\/\/stariweb.sudigo.org\/wp\/info-za-ucenike\/izradba-i-obrana-zavrsnog-rada\/upute-dokumenti-i-obrasci\/","url_meta":{"origin":5745,"position":2},"title":"Upute, dokumenti i obrasci","date":"24\/10\/2013","format":false,"excerpt":"Izradba i obrana zavr\u0161nog rada Vremenik Upute, dokumenti, obrasci Teme Konzultacije \u00a0 Zavr\u0161ni ispiti Zavr\u0161ni ispiti provode se u skladu s\u00a0Pravilnikom o izradbi i obrani zavr\u0161noga rada MZO\u0160. Zavr\u0161nom ispitu pristupaju u\u010denici koji s uspjehom zavr\u0161e zavr\u0161ni razred. ELEMENTI ZAVR\u0160NOG ISPITA Izradba zavr\u0161noga rada Obrana zavr\u0161noga rada \u00a0 Dokumenti i\u2026","rel":"","context":"Srodne objave","img":{"alt_text":"","src":"","width":0,"height":0},"classes":[]},{"id":500,"url":"https:\/\/stariweb.sudigo.org\/wp\/info-za-ucenike\/izradba-i-obrana-zavrsnog-rada\/konzultacije\/","url_meta":{"origin":5745,"position":3},"title":"Konzultacije","date":"24\/10\/2013","format":false,"excerpt":"Izradba i obrana zavr\u0161nog rada Vremenik Upute, dokumenti, obrasci Teme Konzultacije \u00a0 \u00a0 Termini konzultacija \u0161kolska godina 2021.\/2022. Sektor umjetnost Likovna umjetnost i dizajn LUID - termini konzultacija Glazbena umjetnost Glazbena \u0161kola - termini konzultacija Sektor grafi\u010dka tehnologija i audiovizualno oblikovanje Web dizajner \/ Medijski tehni\u010dar \/ Grafi\u010dki tehni\u010dar Web\u2026","rel":"","context":"Srodne objave","img":{"alt_text":"","src":"","width":0,"height":0},"classes":[]},{"id":63,"url":"https:\/\/stariweb.sudigo.org\/wp\/info-za-ucenike\/","url_meta":{"origin":5745,"position":4},"title":"Info za u\u010denike","date":"15\/10\/2013","format":false,"excerpt":"raspored sati raspored zvonjenja raspored u\u010dionica obrasci, protokoli, odluke vremenik pisanih provjera popis ud\u017ebenika ispiti dopunski rad - popravni razredni razlikovni i predmetni izradba i obrana zavr\u0161nog rada Vremenik Upute, dokumenti, obrasci Teme Konzultacije nastavak obrazovanja u \u010detverogodi\u0161njem programu aktualni sat \u00a0 Anketa za u\u010denike - samovrednovanje \u00a0","rel":"","context":"Srodne objave","img":{"alt_text":"","src":"","width":0,"height":0},"classes":[]},{"id":1659,"url":"https:\/\/stariweb.sudigo.org\/wp\/kuca-slavnih-d\/natjecanja-info\/vremenik-natjecanja\/","url_meta":{"origin":5745,"position":5},"title":"Vremenik natjecanja","date":"22\/01\/2014","format":false,"excerpt":"\u0160kolska godina 2015.\/2016. Vremenik natjecanja 2016. \u00a0 \u0160kolska godina 2014.\/2015. U razdoblju koje slijedi odr\u017eavaju se natjecanja iz razli\u010ditih podru\u010dja, a u nekima sudjeluju i u\u010denici na\u0161e \u0161kole. Vremenik natjecanja u organizaciji Agencije za odgoj i obrazovanje mo\u017eete pruzeti\u00a0ovdje, a u organizaciji Agencije za strukovno obrazovanje i obrazovanje odraslih\u00a0ovdje. \u00a0\u2026","rel":"","context":"Srodne objave","img":{"alt_text":"","src":"","width":0,"height":0},"classes":[]}],"_links":{"self":[{"href":"https:\/\/stariweb.sudigo.org\/wp\/wp-json\/wp\/v2\/pages\/5745"}],"collection":[{"href":"https:\/\/stariweb.sudigo.org\/wp\/wp-json\/wp\/v2\/pages"}],"about":[{"href":"https:\/\/stariweb.sudigo.org\/wp\/wp-json\/wp\/v2\/types\/page"}],"author":[{"embeddable":true,"href":"https:\/\/stariweb.sudigo.org\/wp\/wp-json\/wp\/v2\/users\/1"}],"replies":[{"embeddable":true,"href":"https:\/\/stariweb.sudigo.org\/wp\/wp-json\/wp\/v2\/comments?post=5745"}],"version-history":[{"count":53,"href":"https:\/\/stariweb.sudigo.org\/wp\/wp-json\/wp\/v2\/pages\/5745\/revisions"}],"predecessor-version":[{"id":10820,"href":"https:\/\/stariweb.sudigo.org\/wp\/wp-json\/wp\/v2\/pages\/5745\/revisions\/10820"}],"up":[{"embeddable":true,"href":"https:\/\/stariweb.sudigo.org\/wp\/wp-json\/wp\/v2\/pages\/102"}],"wp:attachment":[{"href":"https:\/\/stariweb.sudigo.org\/wp\/wp-json\/wp\/v2\/media?parent=5745"}],"curies":[{"name":"wp","href":"https:\/\/api.w.org\/{rel}","templated":true}]}}